{"id":1700,"date":"2016-08-10T15:59:08","date_gmt":"2016-08-10T13:59:08","guid":{"rendered":"https:\/\/www.hansenshave.dk\/menu-25-26-december\/"},"modified":"2020-08-25T12:54:27","modified_gmt":"2020-08-25T11:54:27","slug":"juledagene","status":"publish","type":"page","link":"https:\/\/www.hansenshave.dk\/en\/juledagene\/","title":{"rendered":"Menu December 25 &#8211; 26"},"content":{"rendered":"<div class=\"fusion-fullwidth fullwidth-box fusion-builder-row-1 hundred-percent-fullwidth non-hundred-percent-height-scrolling\" style=\"--awb-border-radius-top-left:0px;--awb-border-radius-top-right:0px;--awb-border-radius-bottom-right:0px;--awb-border-radius-bottom-left:0px;--awb-overflow:visible;--awb-flex-wrap:wrap;\" ><div class=\"fusion-builder-row fusion-row\"><div class=\"fusion-layout-column fusion_builder_column fusion-builder-column-0 fusion_builder_column_2_3 2_3 fusion-two-third fusion-column-first\" style=\"--awb-bg-size:cover;width:65.3333%; margin-right: 4%;\"><div class=\"fusion-column-wrapper fusion-flex-column-wrapper-legacy\"><div class=\"fusion-text fusion-text-1\"><h2 style=\"text-align: left;\">Menu 25-26.\u00a0December<\/h2>\n<p class=\"p1\">Disse dage serveres Hansens store julebord fra 12:00 &#8211; 17:30<\/p>\n<p>Har du \u00f8nsker i forbindelse med et selskab hj\u00e6lper vi gerne med at s\u00e6tte menuen og efterkommer gerne \u00f8nsker.<\/p>\n<div class=\"fusion-alignleft\"><a class=\"fusion-button button-flat button-small button-custom fusion-button-default button-1 fusion-button-default-span \" style=\"--button_accent_color:#ffffff;--button_accent_hover_color:#ffffff;--button_border_hover_color:#ffffff;--button_border_width-top:1px;--button_border_width-right:1px;--button_border_width-bottom:1px;--button_border_width-left:1px;--button-border-radius-top-left:0px;--button-border-radius-top-right:0px;--button-border-radius-bottom-right:0px;--button-border-radius-bottom-left:0px;--button_gradient_top_color:#5a8b69;--button_gradient_bottom_color:#5a8b69;--button_gradient_top_color_hover:#4e8c61;--button_gradient_bottom_color_hover:#4e8c61;\" target=\"_blank\" rel=\"noopener noreferrer\" title=\"Download Menu\" aria-label=\"Download Menu\" href=\"\/wp-content\/uploads\/menu\/juledagene\/1-2-juledag-en.pdf\"><span class=\"fusion-button-text\">Menu til\u00a0Hansens store julebord<\/span><\/a><\/div>\n<p>&nbsp;<\/p>\n<div class=\"fusion-alignleft\"><a class=\"fusion-button button-flat button-small button-custom fusion-button-default button-2 fusion-button-default-span \" style=\"--button_accent_color:#ffffff;--button_accent_hover_color:#ffffff;--button_border_hover_color:#ffffff;--button_border_width-top:1px;--button_border_width-right:1px;--button_border_width-bottom:1px;--button_border_width-left:1px;--button-border-radius-top-left:0px;--button-border-radius-top-right:0px;--button-border-radius-bottom-right:0px;--button-border-radius-bottom-left:0px;--button_gradient_top_color:#5a8b69;--button_gradient_bottom_color:#5a8b69;--button_gradient_top_color_hover:#4e8c61;--button_gradient_bottom_color_hover:#4e8c61;\" target=\"_blank\" rel=\"noopener noreferrer\" title=\"Download Menu\" aria-label=\"Download Menu\" href=\"\/wp-content\/uploads\/menu\/vinkort-en.pdf\"><span class=\"fusion-button-text\">Wine card<\/span><\/a><\/div>\n<p>&nbsp;<\/p>\n<div class=\"fusion-alignleft\"><a class=\"fusion-button button-flat button-small button-custom fusion-button-default button-3 fusion-button-default-span \" style=\"--button_accent_color:#ffffff;--button_accent_hover_color:#ffffff;--button_border_hover_color:#ffffff;--button_border_width-top:1px;--button_border_width-right:1px;--button_border_width-bottom:1px;--button_border_width-left:1px;--button-border-radius-top-left:0px;--button-border-radius-top-right:0px;--button-border-radius-bottom-right:0px;--button-border-radius-bottom-left:0px;--button_gradient_top_color:#5a8b69;--button_gradient_bottom_color:#5a8b69;--button_gradient_top_color_hover:#4e8c61;--button_gradient_bottom_color_hover:#4e8c61;\" target=\"_blank\" rel=\"noopener noreferrer\" title=\"Download Menu\" aria-label=\"Download Menu\" href=\"\/wp-content\/uploads\/menu\/avec-en.pdf\"><span class=\"fusion-button-text\">Avec<\/span><\/a><\/div>\n<p>&nbsp;<\/p>\n<div class=\"fusion-alignleft\"><a class=\"fusion-button button-flat button-small button-custom fusion-button-default button-4 fusion-button-default-span \" style=\"--button_accent_color:#ffffff;--button_accent_hover_color:#ffffff;--button_border_hover_color:#ffffff;--button_border_width-top:1px;--button_border_width-right:1px;--button_border_width-bottom:1px;--button_border_width-left:1px;--button-border-radius-top-left:0px;--button-border-radius-top-right:0px;--button-border-radius-bottom-right:0px;--button-border-radius-bottom-left:0px;--button_gradient_top_color:#5a8b69;--button_gradient_bottom_color:#5a8b69;--button_gradient_top_color_hover:#4e8c61;--button_gradient_bottom_color_hover:#4e8c61;\" target=\"_blank\" rel=\"noopener noreferrer\" title=\"Download Menu\" aria-label=\"Download Menu\" href=\"\/wp-content\/uploads\/menu\/drinkskort-en.pdf\"><span class=\"fusion-button-text\">Beverages<\/span><\/a><\/div>\n<\/div><div class=\"fusion-clearfix\"><\/div><\/div><\/div><\/div><\/div>\n","protected":false},"excerpt":{"rendered":"","protected":false},"author":4,"featured_media":0,"parent":0,"menu_order":0,"comment_status":"closed","ping_status":"closed","template":"","meta":{"footnotes":""},"_links":{"self":[{"href":"https:\/\/www.hansenshave.dk\/en\/wp-json\/wp\/v2\/pages\/1700"}],"collection":[{"href":"https:\/\/www.hansenshave.dk\/en\/wp-json\/wp\/v2\/pages"}],"about":[{"href":"https:\/\/www.hansenshave.dk\/en\/wp-json\/wp\/v2\/types\/page"}],"author":[{"embeddable":true,"href":"https:\/\/www.hansenshave.dk\/en\/wp-json\/wp\/v2\/users\/4"}],"replies":[{"embeddable":true,"href":"https:\/\/www.hansenshave.dk\/en\/wp-json\/wp\/v2\/comments?post=1700"}],"version-history":[{"count":2,"href":"https:\/\/www.hansenshave.dk\/en\/wp-json\/wp\/v2\/pages\/1700\/revisions"}],"predecessor-version":[{"id":2546,"href":"https:\/\/www.hansenshave.dk\/en\/wp-json\/wp\/v2\/pages\/1700\/revisions\/2546"}],"wp:attachment":[{"href":"https:\/\/www.hansenshave.dk\/en\/wp-json\/wp\/v2\/media?parent=1700"}],"curies":[{"name":"wp","href":"https:\/\/api.w.org\/{rel}","templated":true}]}}